{"id":24587,"date":"2020-01-12T18:11:32","date_gmt":"2020-01-12T17:11:32","guid":{"rendered":"https:\/\/www.payone.com\/impressum\/"},"modified":"2020-11-27T15:32:19","modified_gmt":"2020-11-27T14:32:19","slug":"mentions-legales","status":"publish","type":"page","link":"https:\/\/shop.payone.com\/CH-fr\/mentions-legales\/","title":{"rendered":"Mentions l\u00e9gales"},"content":{"rendered":"<h2>MENTIONS L\u00c9GALES<\/h2>\n<p>Ce site Web est exploit\u00e9 par PAYONE GmbH dont le si\u00e8ge principal est situ\u00e9 \u00e0 Ratingen. PAYONE est une entreprise du groupe Ingenico et du groupe DSV (Deutscher Sparkassenverlag).<\/p>\n<p><strong>Exploitant de la page d\u2019accueil<\/strong><br \/>Adresse:<br \/>PAYONE GmbH<br \/>Lyoner Stra\u00dfe 9<br \/>60528 Frankfurt am Main<br \/>info@payone.com<br \/>www.payone.com<\/p>\n<p>Responsable du contenu conform\u00e9ment au \u00a7 10 alin\u00e9a 3 du Trait\u00e9 relatif aux services de m\u00e9dia (MDStV)<br \/>Marketing &amp; Communications<br \/>Tel.: +49 (0)69 6630-50<\/p>\n<p><strong>Mentions l\u00e9gales<\/strong><br \/>Tribunal administratif D\u00fcsseldorf HRB 43846<br \/>Num\u00e9ro de TVA intracommunautaire: DE185996311<br \/>Direction: Niklaus Santschi, Frank Hartmann, Jan Kaniess, Dr Markus Weber<br \/>Pr\u00e9sident du conseil de surveillance: Ottmar Bloching<\/p>\n<p>PAYONE GmbH est un \u00e9tablissement de paiement agr\u00e9\u00e9 et surveill\u00e9 par l\u2019Office f\u00e9d\u00e9ral allemand de surveillance du secteur financier, Graurheindorfer Strasse 108, 53117 Bonn.<\/p>\n<p>\u00a9 PAYONE GmbH, Ratingen. Tous droits r\u00e9serv\u00e9s.<\/p>\n<p>Remarques relatives \u00e0 la structure et au site Web<\/p>\n<p><strong>Actualit\u00e9<\/strong><br \/>PAYONE GmbH examine et actualise en continu les informations sur ces pages Web. Malgr\u00e9 tout le soin apport\u00e9, il est possible que les donn\u00e9es aient chang\u00e9 entre temps. Par cons\u00e9quent, aucune responsabilit\u00e9 ou garantie ne peut \u00eatre assum\u00e9e quant \u00e0 l\u2019actualit\u00e9, l\u2019exactitude et l\u2019exhaustivit\u00e9 des informations fournies. Il en va de m\u00eame pour tous les autres sites Web auxquels il est fait r\u00e9f\u00e9rence par des hyperliens. PAYONE GmbH n\u2019est pas responsable du contenu des sites Web vers lesquels les liens renvoient (pour plus de d\u00e9tails, veuillez vous r\u00e9f\u00e9rer \u00e0 notre politique de confidentialit\u00e9 dans la section \u00abLiens vers d\u2019autres prestataires\u00bb). En outre, PAYONE GmbH se r\u00e9serve le droit de proc\u00e9der \u00e0 des modifications ou ajouts aux informations mises \u00e0 disposition.<\/p>\n<p><strong>Contenu et structure<\/strong><br \/>Le contenu et la structure du site Web de PAYONE GmbH sont prot\u00e9g\u00e9s par le droit d\u2019auteur. La reproduction d\u2019informations ou de donn\u00e9es, en particulier l\u2019utilisation de textes ou de parties de textes, n\u00e9cessite l\u2019accord pr\u00e9alable de PAYONE GmbH.<\/p>\n<p><strong>Adresse PAYONE Switzerland AG:<\/strong><br \/>PAYONE Switzerland AG<br \/>Werkstrasse 1<br \/>9500 Wil<br \/>Switzerland<\/p>\n<p><strong>R\u00e9clamations des clients<\/strong><br \/>Plusieurs options s\u2019offrent \u00e0 vous pour nous adresser votre r\u00e9clamation:<\/p>\n<p><strong>Par t\u00e9l\u00e9phone:<\/strong><br \/>appelez-nous au +41 71 912 55 00<br \/>Heures d\u2019ouverture: de lundi \u00e0 vendredi 8h00 \u00e0 17h00<\/p>\n<p><strong>E-mail:<\/strong><br \/>\u00e9crivez-nous \u00e0 l\u2019adresse <a href=\"mailto:marketing@innocard.ch\">marketing@innocard.ch<\/a><\/p>\n<p><strong>Par courrier:<\/strong><br \/>Envoyez votre courrier \u00e0 l\u2019adresse suivante:<br \/>PAYONE Switzerland AG<br \/>Werkstrasse 1<br \/>9500 Wil<br \/>Suisse<\/p>\n","protected":false},"excerpt":{"rendered":"<p>MENTIONS L\u00c9GALES Ce site Web est exploit\u00e9 par PAYONE GmbH dont le si\u00e8ge principal est situ\u00e9 \u00e0 Ratingen. PAYONE est une entreprise du groupe Ingenico et du groupe DSV (Deutscher Sparkassenverlag). Exploitant de la page d\u2019accueilAdresse:PAYONE GmbHLyoner Stra\u00dfe 960528 Frankfurt am Maininfo@payone.comwww.payone.com Responsable du contenu conform\u00e9ment au \u00a7 10 alin\u00e9a 3 du Trait\u00e9 relatif aux &hellip; <\/p>\n<p class=\"link-more\"><a href=\"https:\/\/shop.payone.com\/CH-fr\/mentions-legales\/\" class=\"more-link\">Read More <span class=\"screen-reader-text\"> &#8220;Mentions l\u00e9gales&#8221;<\/span><\/a><\/p>\n","protected":false},"author":1,"featured_media":0,"parent":0,"menu_order":60,"comment_status":"closed","ping_status":"closed","template":"","meta":{"footnotes":""},"class_list":["post-24587","page","type-page","status-publish","hentry"],"yoast_head":"<!-- This site is optimized with the Yoast SEO plugin v27.3 - https:\/\/yoast.com\/product\/yoast-seo-wordpress\/ -->\n<title>Mentions l\u00e9gales &#8211; PAYONE<\/title>\n<meta name=\"robots\" content=\"noindex, follow, max-snippet:-1, max-image-preview:large, max-video-preview:-1\" \/>\n<meta property=\"og:locale\" content=\"fr_FR\" \/>\n<meta property=\"og:type\" content=\"article\" \/>\n<meta property=\"og:title\" content=\"Mentions l\u00e9gales &#8211; PAYONE\" \/>\n<meta property=\"og:description\" content=\"MENTIONS L\u00c9GALES Ce site Web est exploit\u00e9 par PAYONE GmbH dont le si\u00e8ge principal est situ\u00e9 \u00e0 Ratingen. PAYONE est une entreprise du groupe Ingenico et du groupe DSV (Deutscher Sparkassenverlag). Exploitant de la page d\u2019accueilAdresse:PAYONE GmbHLyoner Stra\u00dfe 960528 Frankfurt am Maininfo@payone.comwww.payone.com Responsable du contenu conform\u00e9ment au \u00a7 10 alin\u00e9a 3 du Trait\u00e9 relatif aux &hellip; Read More &quot;Mentions l\u00e9gales&quot;\" \/>\n<meta property=\"og:url\" content=\"https:\/\/shop.payone.com\/CH-fr\/mentions-legales\/\" \/>\n<meta property=\"og:site_name\" content=\"PAYONE\" \/>\n<meta property=\"article:modified_time\" content=\"2020-11-27T14:32:19+00:00\" \/>\n<meta name=\"twitter:card\" content=\"summary_large_image\" \/>\n<meta name=\"twitter:label1\" content=\"Est. reading time\" \/>\n\t<meta name=\"twitter:data1\" content=\"2 minutes\" \/>\n<script type=\"application\/ld+json\" class=\"yoast-schema-graph\">{\"@context\":\"https:\\\/\\\/schema.org\",\"@graph\":[{\"@type\":\"WebPage\",\"@id\":\"https:\\\/\\\/shop.payone.com\\\/CH-fr\\\/mentions-legales\\\/\",\"url\":\"https:\\\/\\\/shop.payone.com\\\/CH-fr\\\/mentions-legales\\\/\",\"name\":\"Mentions l\u00e9gales &#8211; PAYONE\",\"isPartOf\":{\"@id\":\"https:\\\/\\\/shop.payone.com\\\/CH-fr\\\/#website\"},\"datePublished\":\"2020-01-12T17:11:32+00:00\",\"dateModified\":\"2020-11-27T14:32:19+00:00\",\"breadcrumb\":{\"@id\":\"https:\\\/\\\/shop.payone.com\\\/CH-fr\\\/mentions-legales\\\/#breadcrumb\"},\"inLanguage\":\"fr-CH\",\"potentialAction\":[{\"@type\":\"ReadAction\",\"target\":[\"https:\\\/\\\/shop.payone.com\\\/CH-fr\\\/mentions-legales\\\/\"]}]},{\"@type\":\"BreadcrumbList\",\"@id\":\"https:\\\/\\\/shop.payone.com\\\/CH-fr\\\/mentions-legales\\\/#breadcrumb\",\"itemListElement\":[{\"@type\":\"ListItem\",\"position\":1,\"name\":\"Home\",\"item\":\"https:\\\/\\\/shop.payone.com\\\/CH-fr\\\/\"},{\"@type\":\"ListItem\",\"position\":2,\"name\":\"Mentions l\u00e9gales\"}]},{\"@type\":\"WebSite\",\"@id\":\"https:\\\/\\\/shop.payone.com\\\/CH-fr\\\/#website\",\"url\":\"https:\\\/\\\/shop.payone.com\\\/CH-fr\\\/\",\"name\":\"PAYONE\",\"description\":\"Die neue Nr. 1 im Payment\",\"publisher\":{\"@id\":\"https:\\\/\\\/shop.payone.com\\\/CH-fr\\\/#organization\"},\"potentialAction\":[{\"@type\":\"SearchAction\",\"target\":{\"@type\":\"EntryPoint\",\"urlTemplate\":\"https:\\\/\\\/shop.payone.com\\\/CH-fr\\\/?s={search_term_string}\"},\"query-input\":{\"@type\":\"PropertyValueSpecification\",\"valueRequired\":true,\"valueName\":\"search_term_string\"}}],\"inLanguage\":\"fr-CH\"},{\"@type\":\"Organization\",\"@id\":\"https:\\\/\\\/shop.payone.com\\\/CH-fr\\\/#organization\",\"name\":\"PAYONE\",\"url\":\"https:\\\/\\\/shop.payone.com\\\/CH-fr\\\/\",\"logo\":{\"@type\":\"ImageObject\",\"inLanguage\":\"fr-CH\",\"@id\":\"https:\\\/\\\/shop.payone.com\\\/CH-fr\\\/#\\\/schema\\\/logo\\\/image\\\/\",\"url\":\"https:\\\/\\\/shop.payone.com\\\/wp-content\\\/uploads\\\/2018\\\/12\\\/cropped-Payone-Logo-2020.jpg\",\"contentUrl\":\"https:\\\/\\\/shop.payone.com\\\/wp-content\\\/uploads\\\/2018\\\/12\\\/cropped-Payone-Logo-2020.jpg\",\"width\":166,\"height\":42,\"caption\":\"PAYONE\"},\"image\":{\"@id\":\"https:\\\/\\\/shop.payone.com\\\/CH-fr\\\/#\\\/schema\\\/logo\\\/image\\\/\"}}]}<\/script>\n<!-- \/ Yoast SEO plugin. -->","yoast_head_json":{"title":"Mentions l\u00e9gales &#8211; PAYONE","robots":{"index":"noindex","follow":"follow","max-snippet":"max-snippet:-1","max-image-preview":"max-image-preview:large","max-video-preview":"max-video-preview:-1"},"og_locale":"fr_FR","og_type":"article","og_title":"Mentions l\u00e9gales &#8211; PAYONE","og_description":"MENTIONS L\u00c9GALES Ce site Web est exploit\u00e9 par PAYONE GmbH dont le si\u00e8ge principal est situ\u00e9 \u00e0 Ratingen. PAYONE est une entreprise du groupe Ingenico et du groupe DSV (Deutscher Sparkassenverlag). Exploitant de la page d\u2019accueilAdresse:PAYONE GmbHLyoner Stra\u00dfe 960528 Frankfurt am Maininfo@payone.comwww.payone.com Responsable du contenu conform\u00e9ment au \u00a7 10 alin\u00e9a 3 du Trait\u00e9 relatif aux &hellip; Read More \"Mentions l\u00e9gales\"","og_url":"https:\/\/shop.payone.com\/CH-fr\/mentions-legales\/","og_site_name":"PAYONE","article_modified_time":"2020-11-27T14:32:19+00:00","twitter_card":"summary_large_image","twitter_misc":{"Est. reading time":"2 minutes"},"schema":{"@context":"https:\/\/schema.org","@graph":[{"@type":"WebPage","@id":"https:\/\/shop.payone.com\/CH-fr\/mentions-legales\/","url":"https:\/\/shop.payone.com\/CH-fr\/mentions-legales\/","name":"Mentions l\u00e9gales &#8211; PAYONE","isPartOf":{"@id":"https:\/\/shop.payone.com\/CH-fr\/#website"},"datePublished":"2020-01-12T17:11:32+00:00","dateModified":"2020-11-27T14:32:19+00:00","breadcrumb":{"@id":"https:\/\/shop.payone.com\/CH-fr\/mentions-legales\/#breadcrumb"},"inLanguage":"fr-CH","potentialAction":[{"@type":"ReadAction","target":["https:\/\/shop.payone.com\/CH-fr\/mentions-legales\/"]}]},{"@type":"BreadcrumbList","@id":"https:\/\/shop.payone.com\/CH-fr\/mentions-legales\/#breadcrumb","itemListElement":[{"@type":"ListItem","position":1,"name":"Home","item":"https:\/\/shop.payone.com\/CH-fr\/"},{"@type":"ListItem","position":2,"name":"Mentions l\u00e9gales"}]},{"@type":"WebSite","@id":"https:\/\/shop.payone.com\/CH-fr\/#website","url":"https:\/\/shop.payone.com\/CH-fr\/","name":"PAYONE","description":"Die neue Nr. 1 im Payment","publisher":{"@id":"https:\/\/shop.payone.com\/CH-fr\/#organization"},"potentialAction":[{"@type":"SearchAction","target":{"@type":"EntryPoint","urlTemplate":"https:\/\/shop.payone.com\/CH-fr\/?s={search_term_string}"},"query-input":{"@type":"PropertyValueSpecification","valueRequired":true,"valueName":"search_term_string"}}],"inLanguage":"fr-CH"},{"@type":"Organization","@id":"https:\/\/shop.payone.com\/CH-fr\/#organization","name":"PAYONE","url":"https:\/\/shop.payone.com\/CH-fr\/","logo":{"@type":"ImageObject","inLanguage":"fr-CH","@id":"https:\/\/shop.payone.com\/CH-fr\/#\/schema\/logo\/image\/","url":"https:\/\/shop.payone.com\/wp-content\/uploads\/2018\/12\/cropped-Payone-Logo-2020.jpg","contentUrl":"https:\/\/shop.payone.com\/wp-content\/uploads\/2018\/12\/cropped-Payone-Logo-2020.jpg","width":166,"height":42,"caption":"PAYONE"},"image":{"@id":"https:\/\/shop.payone.com\/CH-fr\/#\/schema\/logo\/image\/"}}]}},"_links":{"self":[{"href":"https:\/\/shop.payone.com\/CH-fr\/wp-json\/wp\/v2\/pages\/24587","targetHints":{"allow":["GET"]}}],"collection":[{"href":"https:\/\/shop.payone.com\/CH-fr\/wp-json\/wp\/v2\/pages"}],"about":[{"href":"https:\/\/shop.payone.com\/CH-fr\/wp-json\/wp\/v2\/types\/page"}],"author":[{"embeddable":true,"href":"https:\/\/shop.payone.com\/CH-fr\/wp-json\/wp\/v2\/users\/1"}],"replies":[{"embeddable":true,"href":"https:\/\/shop.payone.com\/CH-fr\/wp-json\/wp\/v2\/comments?post=24587"}],"version-history":[{"count":3,"href":"https:\/\/shop.payone.com\/CH-fr\/wp-json\/wp\/v2\/pages\/24587\/revisions"}],"predecessor-version":[{"id":36652,"href":"https:\/\/shop.payone.com\/CH-fr\/wp-json\/wp\/v2\/pages\/24587\/revisions\/36652"}],"wp:attachment":[{"href":"https:\/\/shop.payone.com\/CH-fr\/wp-json\/wp\/v2\/media?parent=24587"}],"curies":[{"name":"wp","href":"https:\/\/api.w.org\/{rel}","templated":true}]}}