{"id":7489,"date":"2020-02-09T11:02:21","date_gmt":"2020-02-09T10:02:21","guid":{"rendered":"https:\/\/interim.payone.com\/?post_type=product&#038;p=7489"},"modified":"2023-07-10T11:47:59","modified_gmt":"2023-07-10T09:47:59","slug":"akzeptanzaufkleber","status":"publish","type":"product","link":"https:\/\/shop.payone.com\/CH-de\/produkt\/akzeptanzaufkleber\/","title":{"rendered":"Akzeptanzaufkleber"},"content":{"rendered":"<ul>\n<li>Akzeptanzzeichen:<br \/>\ngirocard, maestro, V PAY, Discover, girogo, mastercard, VISA, Diners, SEPA Lastschrift, AMEX, VISA Electron, JCB, bluecode, Alipay, UnionPay, kontaktlos, Tax Free, Google Pay, Apple Pay<\/li>\n<li>doppelseitig, auf grauem Untergrund f\u00fcr Schaufenster, T\u00fcr, Kassenbereich<\/li>\n<li>Gr\u00f6\u00dfe je Aufkleber: 3,0 auf 4,7 cm<\/li>\n<\/ul>\n<p>&nbsp;<\/p>\n","protected":false},"excerpt":{"rendered":"<ul>\n<li>Akzeptanzzeichen:<br \/>\ngirocard, maestro, V PAY, Discover, girogo, mastercard, VISA, Diners, SEPA Lastschrift, AMEX, VISA Electron, JCB, bluecode, Alipay, UnionPay, kontaktlos, Tax Free, Google Pay, Apple Pay<\/li>\n<li>doppelseitig, auf grauem Untergrund f\u00fcr Schaufenster, T\u00fcr, Kassenbereich<\/li>\n<li>Gr\u00f6\u00dfe je Aufkleber: 3,0 auf 4,7 cm<\/li>\n<\/ul>\n","protected":false},"featured_media":74699,"template":"","meta":[],"product_brand":[],"product_cat":[72],"product_tag":[],"class_list":{"0":"post-7489","1":"product","2":"type-product","3":"status-publish","4":"has-post-thumbnail","6":"product_cat-werbematerial","8":"first","9":"instock","10":"taxable","11":"shipping-taxable","12":"purchasable","13":"product-type-simple"},"yoast_head":"<!-- This site is optimized with the Yoast SEO plugin v27.4 - https:\/\/yoast.com\/product\/yoast-seo-wordpress\/ -->\n<title>Akzeptanzaufkleber &#8211; PAYONE<\/title>\n<meta name=\"robots\" content=\"noindex, follow\" \/>\n<meta property=\"og:locale\" content=\"de_DE\" \/>\n<meta property=\"og:type\" content=\"article\" \/>\n<meta property=\"og:title\" content=\"Akzeptanzaufkleber &#8211; PAYONE\" \/>\n<meta property=\"og:description\" content=\"Akzeptanzzeichen: girocard, maestro, V PAY, Discover, girogo, mastercard, VISA, Diners, SEPA Lastschrift, AMEX, VISA Electron, JCB, bluecode, Alipay, UnionPay, kontaktlos, Tax Free, Google Pay, Apple Pay  doppelseitig, auf grauem Untergrund f\u00fcr Schaufenster, T\u00fcr, Kassenbereich  Gr\u00f6\u00dfe je Aufkleber: 3,0 auf 4,7 cm\" \/>\n<meta property=\"og:url\" content=\"https:\/\/shop.payone.com\/CH-de\/produkt\/akzeptanzaufkleber\/\" \/>\n<meta property=\"og:site_name\" content=\"PAYONE\" \/>\n<meta property=\"article:modified_time\" content=\"2023-07-10T09:47:59+00:00\" \/>\n<meta property=\"og:image\" content=\"https:\/\/shop.payone.com\/wp-content\/uploads\/Akzeptanzaufkleber-PAYONE_DE_0623_02.jpg\" \/>\n\t<meta property=\"og:image:width\" content=\"2000\" \/>\n\t<meta property=\"og:image:height\" content=\"1615\" \/>\n\t<meta property=\"og:image:type\" content=\"image\/jpeg\" \/>\n<meta name=\"twitter:card\" content=\"summary_large_image\" \/>\n<meta name=\"twitter:label1\" content=\"Gesch\u00e4tzte Lesezeit\" \/>\n\t<meta name=\"twitter:data1\" content=\"1\u00a0Minute\" \/>\n<script type=\"application\/ld+json\" class=\"yoast-schema-graph\">{\"@context\":\"https:\\\/\\\/schema.org\",\"@graph\":[{\"@type\":\"WebPage\",\"@id\":\"https:\\\/\\\/shop.payone.com\\\/CH-de\\\/produkt\\\/akzeptanzaufkleber\\\/\",\"url\":\"https:\\\/\\\/shop.payone.com\\\/CH-de\\\/produkt\\\/akzeptanzaufkleber\\\/\",\"name\":\"Akzeptanzaufkleber &#8211; PAYONE\",\"isPartOf\":{\"@id\":\"https:\\\/\\\/shop.payone.com\\\/CH-de\\\/#website\"},\"primaryImageOfPage\":{\"@id\":\"https:\\\/\\\/shop.payone.com\\\/CH-de\\\/produkt\\\/akzeptanzaufkleber\\\/#primaryimage\"},\"image\":{\"@id\":\"https:\\\/\\\/shop.payone.com\\\/CH-de\\\/produkt\\\/akzeptanzaufkleber\\\/#primaryimage\"},\"thumbnailUrl\":\"https:\\\/\\\/shop.payone.com\\\/wp-content\\\/uploads\\\/Akzeptanzaufkleber-PAYONE_DE_0623_02.jpg\",\"datePublished\":\"2020-02-09T10:02:21+00:00\",\"dateModified\":\"2023-07-10T09:47:59+00:00\",\"breadcrumb\":{\"@id\":\"https:\\\/\\\/shop.payone.com\\\/CH-de\\\/produkt\\\/akzeptanzaufkleber\\\/#breadcrumb\"},\"inLanguage\":\"de-CH\",\"potentialAction\":[{\"@type\":\"ReadAction\",\"target\":[\"https:\\\/\\\/shop.payone.com\\\/CH-de\\\/produkt\\\/akzeptanzaufkleber\\\/\"]}]},{\"@type\":\"ImageObject\",\"inLanguage\":\"de-CH\",\"@id\":\"https:\\\/\\\/shop.payone.com\\\/CH-de\\\/produkt\\\/akzeptanzaufkleber\\\/#primaryimage\",\"url\":\"https:\\\/\\\/shop.payone.com\\\/wp-content\\\/uploads\\\/Akzeptanzaufkleber-PAYONE_DE_0623_02.jpg\",\"contentUrl\":\"https:\\\/\\\/shop.payone.com\\\/wp-content\\\/uploads\\\/Akzeptanzaufkleber-PAYONE_DE_0623_02.jpg\",\"width\":2000,\"height\":1615},{\"@type\":\"BreadcrumbList\",\"@id\":\"https:\\\/\\\/shop.payone.com\\\/CH-de\\\/produkt\\\/akzeptanzaufkleber\\\/#breadcrumb\",\"itemListElement\":[{\"@type\":\"ListItem\",\"position\":1,\"name\":\"Home\",\"item\":\"https:\\\/\\\/shop.payone.com\\\/CH-de\\\/zubehoer-shop\\\/\"},{\"@type\":\"ListItem\",\"position\":2,\"name\":\"Akzeptanzaufkleber\"}]},{\"@type\":\"WebSite\",\"@id\":\"https:\\\/\\\/shop.payone.com\\\/CH-de\\\/#website\",\"url\":\"https:\\\/\\\/shop.payone.com\\\/CH-de\\\/\",\"name\":\"PAYONE\",\"description\":\"Die neue Nr. 1 im Payment\",\"publisher\":{\"@id\":\"https:\\\/\\\/shop.payone.com\\\/CH-de\\\/#organization\"},\"potentialAction\":[{\"@type\":\"SearchAction\",\"target\":{\"@type\":\"EntryPoint\",\"urlTemplate\":\"https:\\\/\\\/shop.payone.com\\\/CH-de\\\/?s={search_term_string}\"},\"query-input\":{\"@type\":\"PropertyValueSpecification\",\"valueRequired\":true,\"valueName\":\"search_term_string\"}}],\"inLanguage\":\"de-CH\"},{\"@type\":\"Organization\",\"@id\":\"https:\\\/\\\/shop.payone.com\\\/CH-de\\\/#organization\",\"name\":\"PAYONE\",\"url\":\"https:\\\/\\\/shop.payone.com\\\/CH-de\\\/\",\"logo\":{\"@type\":\"ImageObject\",\"inLanguage\":\"de-CH\",\"@id\":\"https:\\\/\\\/shop.payone.com\\\/CH-de\\\/#\\\/schema\\\/logo\\\/image\\\/\",\"url\":\"https:\\\/\\\/shop.payone.com\\\/wp-content\\\/uploads\\\/2018\\\/12\\\/cropped-Payone-Logo-2020.jpg\",\"contentUrl\":\"https:\\\/\\\/shop.payone.com\\\/wp-content\\\/uploads\\\/2018\\\/12\\\/cropped-Payone-Logo-2020.jpg\",\"width\":166,\"height\":42,\"caption\":\"PAYONE\"},\"image\":{\"@id\":\"https:\\\/\\\/shop.payone.com\\\/CH-de\\\/#\\\/schema\\\/logo\\\/image\\\/\"}}]}<\/script>\n<!-- \/ Yoast SEO plugin. -->","yoast_head_json":{"title":"Akzeptanzaufkleber &#8211; PAYONE","robots":{"index":"noindex","follow":"follow"},"og_locale":"de_DE","og_type":"article","og_title":"Akzeptanzaufkleber &#8211; PAYONE","og_description":"Akzeptanzzeichen: girocard, maestro, V PAY, Discover, girogo, mastercard, VISA, Diners, SEPA Lastschrift, AMEX, VISA Electron, JCB, bluecode, Alipay, UnionPay, kontaktlos, Tax Free, Google Pay, Apple Pay  doppelseitig, auf grauem Untergrund f\u00fcr Schaufenster, T\u00fcr, Kassenbereich  Gr\u00f6\u00dfe je Aufkleber: 3,0 auf 4,7 cm","og_url":"https:\/\/shop.payone.com\/CH-de\/produkt\/akzeptanzaufkleber\/","og_site_name":"PAYONE","article_modified_time":"2023-07-10T09:47:59+00:00","og_image":[{"width":2000,"height":1615,"url":"https:\/\/shop.payone.com\/wp-content\/uploads\/Akzeptanzaufkleber-PAYONE_DE_0623_02.jpg","type":"image\/jpeg"}],"twitter_card":"summary_large_image","twitter_misc":{"Gesch\u00e4tzte Lesezeit":"1\u00a0Minute"},"schema":{"@context":"https:\/\/schema.org","@graph":[{"@type":"WebPage","@id":"https:\/\/shop.payone.com\/CH-de\/produkt\/akzeptanzaufkleber\/","url":"https:\/\/shop.payone.com\/CH-de\/produkt\/akzeptanzaufkleber\/","name":"Akzeptanzaufkleber &#8211; PAYONE","isPartOf":{"@id":"https:\/\/shop.payone.com\/CH-de\/#website"},"primaryImageOfPage":{"@id":"https:\/\/shop.payone.com\/CH-de\/produkt\/akzeptanzaufkleber\/#primaryimage"},"image":{"@id":"https:\/\/shop.payone.com\/CH-de\/produkt\/akzeptanzaufkleber\/#primaryimage"},"thumbnailUrl":"https:\/\/shop.payone.com\/wp-content\/uploads\/Akzeptanzaufkleber-PAYONE_DE_0623_02.jpg","datePublished":"2020-02-09T10:02:21+00:00","dateModified":"2023-07-10T09:47:59+00:00","breadcrumb":{"@id":"https:\/\/shop.payone.com\/CH-de\/produkt\/akzeptanzaufkleber\/#breadcrumb"},"inLanguage":"de-CH","potentialAction":[{"@type":"ReadAction","target":["https:\/\/shop.payone.com\/CH-de\/produkt\/akzeptanzaufkleber\/"]}]},{"@type":"ImageObject","inLanguage":"de-CH","@id":"https:\/\/shop.payone.com\/CH-de\/produkt\/akzeptanzaufkleber\/#primaryimage","url":"https:\/\/shop.payone.com\/wp-content\/uploads\/Akzeptanzaufkleber-PAYONE_DE_0623_02.jpg","contentUrl":"https:\/\/shop.payone.com\/wp-content\/uploads\/Akzeptanzaufkleber-PAYONE_DE_0623_02.jpg","width":2000,"height":1615},{"@type":"BreadcrumbList","@id":"https:\/\/shop.payone.com\/CH-de\/produkt\/akzeptanzaufkleber\/#breadcrumb","itemListElement":[{"@type":"ListItem","position":1,"name":"Home","item":"https:\/\/shop.payone.com\/CH-de\/zubehoer-shop\/"},{"@type":"ListItem","position":2,"name":"Akzeptanzaufkleber"}]},{"@type":"WebSite","@id":"https:\/\/shop.payone.com\/CH-de\/#website","url":"https:\/\/shop.payone.com\/CH-de\/","name":"PAYONE","description":"Die neue Nr. 1 im Payment","publisher":{"@id":"https:\/\/shop.payone.com\/CH-de\/#organization"},"potentialAction":[{"@type":"SearchAction","target":{"@type":"EntryPoint","urlTemplate":"https:\/\/shop.payone.com\/CH-de\/?s={search_term_string}"},"query-input":{"@type":"PropertyValueSpecification","valueRequired":true,"valueName":"search_term_string"}}],"inLanguage":"de-CH"},{"@type":"Organization","@id":"https:\/\/shop.payone.com\/CH-de\/#organization","name":"PAYONE","url":"https:\/\/shop.payone.com\/CH-de\/","logo":{"@type":"ImageObject","inLanguage":"de-CH","@id":"https:\/\/shop.payone.com\/CH-de\/#\/schema\/logo\/image\/","url":"https:\/\/shop.payone.com\/wp-content\/uploads\/2018\/12\/cropped-Payone-Logo-2020.jpg","contentUrl":"https:\/\/shop.payone.com\/wp-content\/uploads\/2018\/12\/cropped-Payone-Logo-2020.jpg","width":166,"height":42,"caption":"PAYONE"},"image":{"@id":"https:\/\/shop.payone.com\/CH-de\/#\/schema\/logo\/image\/"}}]}},"_links":{"self":[{"href":"https:\/\/shop.payone.com\/CH-de\/wp-json\/wp\/v2\/product\/7489","targetHints":{"allow":["GET"]}}],"collection":[{"href":"https:\/\/shop.payone.com\/CH-de\/wp-json\/wp\/v2\/product"}],"about":[{"href":"https:\/\/shop.payone.com\/CH-de\/wp-json\/wp\/v2\/types\/product"}],"version-history":[{"count":2,"href":"https:\/\/shop.payone.com\/CH-de\/wp-json\/wp\/v2\/product\/7489\/revisions"}],"predecessor-version":[{"id":25274,"href":"https:\/\/shop.payone.com\/CH-de\/wp-json\/wp\/v2\/product\/7489\/revisions\/25274"}],"wp:featuredmedia":[{"embeddable":true,"href":"https:\/\/shop.payone.com\/CH-de\/wp-json\/wp\/v2\/media\/74699"}],"wp:attachment":[{"href":"https:\/\/shop.payone.com\/CH-de\/wp-json\/wp\/v2\/media?parent=7489"}],"wp:term":[{"taxonomy":"product_brand","embeddable":true,"href":"https:\/\/shop.payone.com\/CH-de\/wp-json\/wp\/v2\/product_brand?post=7489"},{"taxonomy":"product_cat","embeddable":true,"href":"https:\/\/shop.payone.com\/CH-de\/wp-json\/wp\/v2\/product_cat?post=7489"},{"taxonomy":"product_tag","embeddable":true,"href":"https:\/\/shop.payone.com\/CH-de\/wp-json\/wp\/v2\/product_tag?post=7489"}],"curies":[{"name":"wp","href":"https:\/\/api.w.org\/{rel}","templated":true}]}}