{"id":6940,"date":"2020-02-08T14:11:25","date_gmt":"2020-02-08T13:11:25","guid":{"rendered":"https:\/\/interim.payone.com\/?post_type=product&#038;p=6940"},"modified":"2020-02-08T14:11:25","modified_gmt":"2020-02-08T13:11:25","slug":"eingabestift-stylus-fuer-edocs-set-2st","status":"publish","type":"product","link":"https:\/\/shop.payone.com\/CH-de\/produkt\/eingabestift-stylus-fuer-edocs-set-2st\/","title":{"rendered":"Eingabestift Stylus f\u00fcr EDOCS (Set 2St.)"},"content":{"rendered":"<p>Geeignet f\u00fcr H5000<\/p>\n<p class=\"bodytext\">Eingabestifte Stylus f\u00fcr Elektronische Belegarchivierung ben\u00f6tigt<\/p>\n","protected":false},"excerpt":{"rendered":"<p>Geeignet f\u00fcr H5000<\/p>\n<p class=\"bodytext\">Eingabestifte Stylus f\u00fcr Elektronische Belegarchivierung ben\u00f6tigt<\/p>\n","protected":false},"featured_media":7042,"template":"","meta":[],"product_brand":[],"product_cat":[73],"product_tag":[],"class_list":{"0":"post-6940","1":"product","2":"type-product","3":"status-publish","4":"has-post-thumbnail","6":"product_cat-terminalzubehoer","8":"first","9":"instock","10":"taxable","11":"shipping-taxable","12":"purchasable","13":"product-type-simple"},"yoast_head":"<!-- This site is optimized with the Yoast SEO plugin v27.4 - https:\/\/yoast.com\/product\/yoast-seo-wordpress\/ -->\n<title>Eingabestift Stylus f\u00fcr EDOCS (Set 2St.) &#8211; PAYONE<\/title>\n<meta name=\"robots\" content=\"noindex, follow\" \/>\n<meta property=\"og:locale\" content=\"de_DE\" \/>\n<meta property=\"og:type\" content=\"article\" \/>\n<meta property=\"og:title\" content=\"Eingabestift Stylus f\u00fcr EDOCS (Set 2St.) &#8211; PAYONE\" \/>\n<meta property=\"og:description\" content=\"Geeignet f\u00fcr H5000 Eingabestifte Stylus f\u00fcr Elektronische Belegarchivierung ben\u00f6tigt\" \/>\n<meta property=\"og:url\" content=\"https:\/\/shop.payone.com\/CH-de\/produkt\/eingabestift-stylus-fuer-edocs-set-2st\/\" \/>\n<meta property=\"og:site_name\" content=\"PAYONE\" \/>\n<meta property=\"og:image\" content=\"https:\/\/shop.payone.com\/wp-content\/uploads\/2020\/02\/BSZ00228_EINGABESTIFT_STYLUS-scaled.jpg\" \/>\n\t<meta property=\"og:image:width\" content=\"4000\" \/>\n\t<meta property=\"og:image:height\" content=\"3000\" \/>\n\t<meta property=\"og:image:type\" content=\"image\/jpeg\" \/>\n<meta name=\"twitter:card\" content=\"summary_large_image\" \/>\n<script type=\"application\/ld+json\" class=\"yoast-schema-graph\">{\"@context\":\"https:\\\/\\\/schema.org\",\"@graph\":[{\"@type\":\"WebPage\",\"@id\":\"https:\\\/\\\/shop.payone.com\\\/CH-de\\\/produkt\\\/eingabestift-stylus-fuer-edocs-set-2st\\\/\",\"url\":\"https:\\\/\\\/shop.payone.com\\\/CH-de\\\/produkt\\\/eingabestift-stylus-fuer-edocs-set-2st\\\/\",\"name\":\"Eingabestift Stylus f\u00fcr EDOCS (Set 2St.) &#8211; PAYONE\",\"isPartOf\":{\"@id\":\"https:\\\/\\\/shop.payone.com\\\/CH-de\\\/#website\"},\"primaryImageOfPage\":{\"@id\":\"https:\\\/\\\/shop.payone.com\\\/CH-de\\\/produkt\\\/eingabestift-stylus-fuer-edocs-set-2st\\\/#primaryimage\"},\"image\":{\"@id\":\"https:\\\/\\\/shop.payone.com\\\/CH-de\\\/produkt\\\/eingabestift-stylus-fuer-edocs-set-2st\\\/#primaryimage\"},\"thumbnailUrl\":\"https:\\\/\\\/shop.payone.com\\\/wp-content\\\/uploads\\\/2020\\\/02\\\/BSZ00228_EINGABESTIFT_STYLUS-scaled.jpg\",\"datePublished\":\"2020-02-08T13:11:25+00:00\",\"breadcrumb\":{\"@id\":\"https:\\\/\\\/shop.payone.com\\\/CH-de\\\/produkt\\\/eingabestift-stylus-fuer-edocs-set-2st\\\/#breadcrumb\"},\"inLanguage\":\"de-CH\",\"potentialAction\":[{\"@type\":\"ReadAction\",\"target\":[\"https:\\\/\\\/shop.payone.com\\\/CH-de\\\/produkt\\\/eingabestift-stylus-fuer-edocs-set-2st\\\/\"]}]},{\"@type\":\"ImageObject\",\"inLanguage\":\"de-CH\",\"@id\":\"https:\\\/\\\/shop.payone.com\\\/CH-de\\\/produkt\\\/eingabestift-stylus-fuer-edocs-set-2st\\\/#primaryimage\",\"url\":\"https:\\\/\\\/shop.payone.com\\\/wp-content\\\/uploads\\\/2020\\\/02\\\/BSZ00228_EINGABESTIFT_STYLUS-scaled.jpg\",\"contentUrl\":\"https:\\\/\\\/shop.payone.com\\\/wp-content\\\/uploads\\\/2020\\\/02\\\/BSZ00228_EINGABESTIFT_STYLUS-scaled.jpg\",\"width\":4000,\"height\":3000},{\"@type\":\"BreadcrumbList\",\"@id\":\"https:\\\/\\\/shop.payone.com\\\/CH-de\\\/produkt\\\/eingabestift-stylus-fuer-edocs-set-2st\\\/#breadcrumb\",\"itemListElement\":[{\"@type\":\"ListItem\",\"position\":1,\"name\":\"Home\",\"item\":\"https:\\\/\\\/shop.payone.com\\\/CH-de\\\/zubehoer-shop\\\/\"},{\"@type\":\"ListItem\",\"position\":2,\"name\":\"Eingabestift Stylus f\u00fcr EDOCS (Set 2St.)\"}]},{\"@type\":\"WebSite\",\"@id\":\"https:\\\/\\\/shop.payone.com\\\/CH-de\\\/#website\",\"url\":\"https:\\\/\\\/shop.payone.com\\\/CH-de\\\/\",\"name\":\"PAYONE\",\"description\":\"Die neue Nr. 1 im Payment\",\"publisher\":{\"@id\":\"https:\\\/\\\/shop.payone.com\\\/CH-de\\\/#organization\"},\"potentialAction\":[{\"@type\":\"SearchAction\",\"target\":{\"@type\":\"EntryPoint\",\"urlTemplate\":\"https:\\\/\\\/shop.payone.com\\\/CH-de\\\/?s={search_term_string}\"},\"query-input\":{\"@type\":\"PropertyValueSpecification\",\"valueRequired\":true,\"valueName\":\"search_term_string\"}}],\"inLanguage\":\"de-CH\"},{\"@type\":\"Organization\",\"@id\":\"https:\\\/\\\/shop.payone.com\\\/CH-de\\\/#organization\",\"name\":\"PAYONE\",\"url\":\"https:\\\/\\\/shop.payone.com\\\/CH-de\\\/\",\"logo\":{\"@type\":\"ImageObject\",\"inLanguage\":\"de-CH\",\"@id\":\"https:\\\/\\\/shop.payone.com\\\/CH-de\\\/#\\\/schema\\\/logo\\\/image\\\/\",\"url\":\"https:\\\/\\\/shop.payone.com\\\/wp-content\\\/uploads\\\/2018\\\/12\\\/cropped-Payone-Logo-2020.jpg\",\"contentUrl\":\"https:\\\/\\\/shop.payone.com\\\/wp-content\\\/uploads\\\/2018\\\/12\\\/cropped-Payone-Logo-2020.jpg\",\"width\":166,\"height\":42,\"caption\":\"PAYONE\"},\"image\":{\"@id\":\"https:\\\/\\\/shop.payone.com\\\/CH-de\\\/#\\\/schema\\\/logo\\\/image\\\/\"}}]}<\/script>\n<!-- \/ Yoast SEO plugin. -->","yoast_head_json":{"title":"Eingabestift Stylus f\u00fcr EDOCS (Set 2St.) &#8211; PAYONE","robots":{"index":"noindex","follow":"follow"},"og_locale":"de_DE","og_type":"article","og_title":"Eingabestift Stylus f\u00fcr EDOCS (Set 2St.) &#8211; PAYONE","og_description":"Geeignet f\u00fcr H5000 Eingabestifte Stylus f\u00fcr Elektronische Belegarchivierung ben\u00f6tigt","og_url":"https:\/\/shop.payone.com\/CH-de\/produkt\/eingabestift-stylus-fuer-edocs-set-2st\/","og_site_name":"PAYONE","og_image":[{"width":4000,"height":3000,"url":"https:\/\/shop.payone.com\/wp-content\/uploads\/2020\/02\/BSZ00228_EINGABESTIFT_STYLUS-scaled.jpg","type":"image\/jpeg"}],"twitter_card":"summary_large_image","schema":{"@context":"https:\/\/schema.org","@graph":[{"@type":"WebPage","@id":"https:\/\/shop.payone.com\/CH-de\/produkt\/eingabestift-stylus-fuer-edocs-set-2st\/","url":"https:\/\/shop.payone.com\/CH-de\/produkt\/eingabestift-stylus-fuer-edocs-set-2st\/","name":"Eingabestift Stylus f\u00fcr EDOCS (Set 2St.) &#8211; PAYONE","isPartOf":{"@id":"https:\/\/shop.payone.com\/CH-de\/#website"},"primaryImageOfPage":{"@id":"https:\/\/shop.payone.com\/CH-de\/produkt\/eingabestift-stylus-fuer-edocs-set-2st\/#primaryimage"},"image":{"@id":"https:\/\/shop.payone.com\/CH-de\/produkt\/eingabestift-stylus-fuer-edocs-set-2st\/#primaryimage"},"thumbnailUrl":"https:\/\/shop.payone.com\/wp-content\/uploads\/2020\/02\/BSZ00228_EINGABESTIFT_STYLUS-scaled.jpg","datePublished":"2020-02-08T13:11:25+00:00","breadcrumb":{"@id":"https:\/\/shop.payone.com\/CH-de\/produkt\/eingabestift-stylus-fuer-edocs-set-2st\/#breadcrumb"},"inLanguage":"de-CH","potentialAction":[{"@type":"ReadAction","target":["https:\/\/shop.payone.com\/CH-de\/produkt\/eingabestift-stylus-fuer-edocs-set-2st\/"]}]},{"@type":"ImageObject","inLanguage":"de-CH","@id":"https:\/\/shop.payone.com\/CH-de\/produkt\/eingabestift-stylus-fuer-edocs-set-2st\/#primaryimage","url":"https:\/\/shop.payone.com\/wp-content\/uploads\/2020\/02\/BSZ00228_EINGABESTIFT_STYLUS-scaled.jpg","contentUrl":"https:\/\/shop.payone.com\/wp-content\/uploads\/2020\/02\/BSZ00228_EINGABESTIFT_STYLUS-scaled.jpg","width":4000,"height":3000},{"@type":"BreadcrumbList","@id":"https:\/\/shop.payone.com\/CH-de\/produkt\/eingabestift-stylus-fuer-edocs-set-2st\/#breadcrumb","itemListElement":[{"@type":"ListItem","position":1,"name":"Home","item":"https:\/\/shop.payone.com\/CH-de\/zubehoer-shop\/"},{"@type":"ListItem","position":2,"name":"Eingabestift Stylus f\u00fcr EDOCS (Set 2St.)"}]},{"@type":"WebSite","@id":"https:\/\/shop.payone.com\/CH-de\/#website","url":"https:\/\/shop.payone.com\/CH-de\/","name":"PAYONE","description":"Die neue Nr. 1 im Payment","publisher":{"@id":"https:\/\/shop.payone.com\/CH-de\/#organization"},"potentialAction":[{"@type":"SearchAction","target":{"@type":"EntryPoint","urlTemplate":"https:\/\/shop.payone.com\/CH-de\/?s={search_term_string}"},"query-input":{"@type":"PropertyValueSpecification","valueRequired":true,"valueName":"search_term_string"}}],"inLanguage":"de-CH"},{"@type":"Organization","@id":"https:\/\/shop.payone.com\/CH-de\/#organization","name":"PAYONE","url":"https:\/\/shop.payone.com\/CH-de\/","logo":{"@type":"ImageObject","inLanguage":"de-CH","@id":"https:\/\/shop.payone.com\/CH-de\/#\/schema\/logo\/image\/","url":"https:\/\/shop.payone.com\/wp-content\/uploads\/2018\/12\/cropped-Payone-Logo-2020.jpg","contentUrl":"https:\/\/shop.payone.com\/wp-content\/uploads\/2018\/12\/cropped-Payone-Logo-2020.jpg","width":166,"height":42,"caption":"PAYONE"},"image":{"@id":"https:\/\/shop.payone.com\/CH-de\/#\/schema\/logo\/image\/"}}]}},"_links":{"self":[{"href":"https:\/\/shop.payone.com\/CH-de\/wp-json\/wp\/v2\/product\/6940","targetHints":{"allow":["GET"]}}],"collection":[{"href":"https:\/\/shop.payone.com\/CH-de\/wp-json\/wp\/v2\/product"}],"about":[{"href":"https:\/\/shop.payone.com\/CH-de\/wp-json\/wp\/v2\/types\/product"}],"version-history":[{"count":0,"href":"https:\/\/shop.payone.com\/CH-de\/wp-json\/wp\/v2\/product\/6940\/revisions"}],"wp:featuredmedia":[{"embeddable":true,"href":"https:\/\/shop.payone.com\/CH-de\/wp-json\/wp\/v2\/media\/7042"}],"wp:attachment":[{"href":"https:\/\/shop.payone.com\/CH-de\/wp-json\/wp\/v2\/media?parent=6940"}],"wp:term":[{"taxonomy":"product_brand","embeddable":true,"href":"https:\/\/shop.payone.com\/CH-de\/wp-json\/wp\/v2\/product_brand?post=6940"},{"taxonomy":"product_cat","embeddable":true,"href":"https:\/\/shop.payone.com\/CH-de\/wp-json\/wp\/v2\/product_cat?post=6940"},{"taxonomy":"product_tag","embeddable":true,"href":"https:\/\/shop.payone.com\/CH-de\/wp-json\/wp\/v2\/product_tag?post=6940"}],"curies":[{"name":"wp","href":"https:\/\/api.w.org\/{rel}","templated":true}]}}