{"id":6555,"date":"2020-02-08T10:39:57","date_gmt":"2020-02-08T09:39:57","guid":{"rendered":"https:\/\/interim.payone.com\/?post_type=product&#038;p=6555"},"modified":"2020-02-08T13:48:11","modified_gmt":"2020-02-08T12:48:11","slug":"terminal-ccv-680-refurbished","status":"publish","type":"product","link":"https:\/\/shop.payone.com\/CH-de\/produkt\/terminal-ccv-680-refurbished\/","title":{"rendered":"Terminal CCV 680 (refurbished)"},"content":{"rendered":"<p>Mit dem Payone Testpaket k\u00f6nnen station\u00e4re H\u00e4ndler eine Zahll\u00f6sung unverbindliche testen: alle Kartentypen mit attraktiven Konditionen akzeptieren und \u00fcber ein leistungsstarkes Terminal abrechnen. 9,90\u20ac mtl. Terminalmiete, zzgl. 3\u20ac mtl. f\u00fcr SIM-Karte \u2013 nur bis 31.3.2020 die ersten 3 Monate unverbindlich testen.<\/p>\n<ul>\n<li><u>Lernen Sie uns kennen, testen Sie uns!<\/u><br \/>\nInnerhalb der ersten 3 Monate kann der Vertrag jederzeit k\u00fcndigen werden \u2013 damit k\u00f6nnen Sie ganz entspannt testen, ob wir der passende Partner f\u00fcr Sie sind und unser Paket f\u00fcr Sie passt.<\/li>\n<li><u>Ihre Kunden sind die K\u00f6nige!<\/u><br \/>\nEgal wie der Kunde zahlen m\u00f6chte, alle Zahlungsarten sind abgedeckt. Von girocard \u00fcber Debit- bis Kreditkarten \u2013 kontaktlos oder \u00fcber das Smartphone. Alles m\u00f6glich.<\/li>\n<li><u>Sicherer als Bargeld \u2013 Ihre Ums\u00e4tze kommen immer bei Ihnen an!<\/u><br \/>\nProfitieren Sie von 100% Zahlungssicherheit f\u00fcr alle inkludierten Zahlungsmittel \u2013 jede Zahlung wird vorab verifiziert und Kontodeckung sichergestellt. Falschgeld ausgeschlossen!<\/li>\n<li><u>Payment \u2013 made in Germany!<br \/>\n<\/u>Sicherheit &amp; Stabilit\u00e4t \u2013 garantiert! Wie wichtig ist Ihnen Datensicherheit &amp; Datenschutz bei der Verarbeitung Ihrer Zahlungsdaten? Payone ist ein Unternehmen mit Sitz in Deutschland. Wir richten uns bei der Zahlungsabwicklung nach den deutschen Sicherheitsstandards. Auch unsere Serverzentren sind in Deutschland. Und nat\u00fcrlich erf\u00fcllen wir auch beim Thema Datenschutz die deutschen Vorgaben.<\/li>\n<li><u>Jederzeit &amp; \u00fcberall \u2013 so mobil, wie Sie!<\/u><br \/>\nAm Tresen. Im Biergarten. An der Kreuzung. Egal wo Sie sind: mit dem inkludierten CCV VX-680 GPRS k\u00f6nnen Sie Zahlungen \u00fcberall dort entgegennehmen, wo Sie m\u00f6chten. Einfach SIM-Karte einlegen (separat erh\u00e4ltlich), verbinden und los geht\u2019s.<\/li>\n<\/ul>\n<p><u>V\u00f6llig unabh\u00e4ngig \u2013 keine weitere Hardware notwendig!<\/u><br \/>\nMit dem inkludierten Bezahlterminal sind sie unabh\u00e4ngig. Um Zahlungen entgegenzunehmen ben\u00f6tigen sind Sie also nicht auf weitere Hardware oder Software (wie ein Smartphone oder Apps) angewiesen, sondern k\u00f6nnen einfach loslegen. Anschalten, mit dem Internet verbinden, kassieren. Katsching!!!<\/p>\n","protected":false},"excerpt":{"rendered":"<p>Mit dem Payone Testpaket k\u00f6nnen station\u00e4re H\u00e4ndler eine Zahll\u00f6sung unverbindliche testen: alle Kartentypen mit attraktiven Konditionen akzeptieren und \u00fcber ein leistungsstarkes Terminal abrechnen. 9,90\u20ac mtl. Terminalmiete, zzgl. 3\u20ac mtl. f\u00fcr SIM-Karte \u2013 nur bis 31.3.2020 die ersten 3 Monate unverbindlich testen.<\/p>\n<ul>\n<li>kostenfreies Serviceportal \/ H\u00e4ndlerportal<\/li>\n<li>Rechnungsabruf &amp; Transaktionsreporting<\/li>\n<li>Konfiguration (s\u00e4mtliche Kabel, Akzeptanzaufkleber) inkludiert<\/li>\n<li>Software-Updates (regulatorisch) inkludiert<\/li>\n<li>T\u00e4gliche Auszahlung girocard<\/li>\n<li>W\u00f6chentliche Auszahlung Kreditkarte\/Debitkarte<\/li>\n<li>jederzeit modular erweiterbar<\/li>\n<\/ul>\n","protected":false},"featured_media":6568,"template":"","meta":[],"product_brand":[],"product_cat":[86],"product_tag":[],"class_list":{"0":"post-6555","1":"product","2":"type-product","3":"status-publish","4":"has-post-thumbnail","6":"product_cat-bundle-bestandteil","8":"first","9":"instock","10":"taxable","11":"shipping-taxable","12":"purchasable","13":"product-type-simple"},"yoast_head":"<!-- This site is optimized with the Yoast SEO plugin v27.4 - https:\/\/yoast.com\/product\/yoast-seo-wordpress\/ -->\n<title>Terminal CCV 680 (refurbished) &#8211; PAYONE<\/title>\n<meta name=\"robots\" content=\"noindex, nofollow\" \/>\n<meta property=\"og:locale\" content=\"de_DE\" \/>\n<meta property=\"og:type\" content=\"article\" \/>\n<meta property=\"og:title\" content=\"Terminal CCV 680 (refurbished) &#8211; PAYONE\" \/>\n<meta property=\"og:description\" content=\"Mit dem Payone Testpaket k\u00f6nnen station\u00e4re H\u00e4ndler eine Zahll\u00f6sung unverbindliche testen: alle Kartentypen mit attraktiven Konditionen akzeptieren und \u00fcber ein leistungsstarkes Terminal abrechnen. 9,90\u20ac mtl. Terminalmiete, zzgl. 3\u20ac mtl. f\u00fcr SIM-Karte \u2013 nur bis 31.3.2020 die ersten 3 Monate unverbindlich testen.   kostenfreies Serviceportal \/ H\u00e4ndlerportal  Rechnungsabruf &amp; Transaktionsreporting  Konfiguration (s\u00e4mtliche Kabel, Akzeptanzaufkleber) inkludiert  Software-Updates (regulatorisch) inkludiert  T\u00e4gliche Auszahlung girocard  W\u00f6chentliche Auszahlung Kreditkarte\/Debitkarte  jederzeit modular erweiterbar\" \/>\n<meta property=\"og:url\" content=\"https:\/\/shop.payone.com\/CH-de\/produkt\/terminal-ccv-680-refurbished\/\" \/>\n<meta property=\"og:site_name\" content=\"PAYONE\" \/>\n<meta property=\"article:modified_time\" content=\"2020-02-08T12:48:11+00:00\" \/>\n<meta property=\"og:image\" content=\"https:\/\/shop.payone.com\/wp-content\/uploads\/2020\/02\/VX680_GPRS.png\" \/>\n\t<meta property=\"og:image:width\" content=\"400\" \/>\n\t<meta property=\"og:image:height\" content=\"534\" \/>\n\t<meta property=\"og:image:type\" content=\"image\/png\" \/>\n<meta name=\"twitter:card\" content=\"summary_large_image\" \/>\n<meta name=\"twitter:label1\" content=\"Gesch\u00e4tzte Lesezeit\" \/>\n\t<meta name=\"twitter:data1\" content=\"1\u00a0Minute\" \/>\n<script type=\"application\/ld+json\" class=\"yoast-schema-graph\">{\"@context\":\"https:\\\/\\\/schema.org\",\"@graph\":[{\"@type\":\"WebPage\",\"@id\":\"https:\\\/\\\/shop.payone.com\\\/CH-de\\\/produkt\\\/terminal-ccv-680-refurbished\\\/\",\"url\":\"https:\\\/\\\/shop.payone.com\\\/CH-de\\\/produkt\\\/terminal-ccv-680-refurbished\\\/\",\"name\":\"Terminal CCV 680 (refurbished) &#8211; PAYONE\",\"isPartOf\":{\"@id\":\"https:\\\/\\\/shop.payone.com\\\/CH-de\\\/#website\"},\"primaryImageOfPage\":{\"@id\":\"https:\\\/\\\/shop.payone.com\\\/CH-de\\\/produkt\\\/terminal-ccv-680-refurbished\\\/#primaryimage\"},\"image\":{\"@id\":\"https:\\\/\\\/shop.payone.com\\\/CH-de\\\/produkt\\\/terminal-ccv-680-refurbished\\\/#primaryimage\"},\"thumbnailUrl\":\"https:\\\/\\\/shop.payone.com\\\/wp-content\\\/uploads\\\/2020\\\/02\\\/VX680_GPRS.png\",\"datePublished\":\"2020-02-08T09:39:57+00:00\",\"dateModified\":\"2020-02-08T12:48:11+00:00\",\"breadcrumb\":{\"@id\":\"https:\\\/\\\/shop.payone.com\\\/CH-de\\\/produkt\\\/terminal-ccv-680-refurbished\\\/#breadcrumb\"},\"inLanguage\":\"de-CH\",\"potentialAction\":[{\"@type\":\"ReadAction\",\"target\":[\"https:\\\/\\\/shop.payone.com\\\/CH-de\\\/produkt\\\/terminal-ccv-680-refurbished\\\/\"]}]},{\"@type\":\"ImageObject\",\"inLanguage\":\"de-CH\",\"@id\":\"https:\\\/\\\/shop.payone.com\\\/CH-de\\\/produkt\\\/terminal-ccv-680-refurbished\\\/#primaryimage\",\"url\":\"https:\\\/\\\/shop.payone.com\\\/wp-content\\\/uploads\\\/2020\\\/02\\\/VX680_GPRS.png\",\"contentUrl\":\"https:\\\/\\\/shop.payone.com\\\/wp-content\\\/uploads\\\/2020\\\/02\\\/VX680_GPRS.png\",\"width\":400,\"height\":534},{\"@type\":\"BreadcrumbList\",\"@id\":\"https:\\\/\\\/shop.payone.com\\\/CH-de\\\/produkt\\\/terminal-ccv-680-refurbished\\\/#breadcrumb\",\"itemListElement\":[{\"@type\":\"ListItem\",\"position\":1,\"name\":\"Home\",\"item\":\"https:\\\/\\\/shop.payone.com\\\/CH-de\\\/zubehoer-shop\\\/\"},{\"@type\":\"ListItem\",\"position\":2,\"name\":\"Terminal CCV 680 (refurbished)\"}]},{\"@type\":\"WebSite\",\"@id\":\"https:\\\/\\\/shop.payone.com\\\/CH-de\\\/#website\",\"url\":\"https:\\\/\\\/shop.payone.com\\\/CH-de\\\/\",\"name\":\"PAYONE\",\"description\":\"Die neue Nr. 1 im Payment\",\"publisher\":{\"@id\":\"https:\\\/\\\/shop.payone.com\\\/CH-de\\\/#organization\"},\"potentialAction\":[{\"@type\":\"SearchAction\",\"target\":{\"@type\":\"EntryPoint\",\"urlTemplate\":\"https:\\\/\\\/shop.payone.com\\\/CH-de\\\/?s={search_term_string}\"},\"query-input\":{\"@type\":\"PropertyValueSpecification\",\"valueRequired\":true,\"valueName\":\"search_term_string\"}}],\"inLanguage\":\"de-CH\"},{\"@type\":\"Organization\",\"@id\":\"https:\\\/\\\/shop.payone.com\\\/CH-de\\\/#organization\",\"name\":\"PAYONE\",\"url\":\"https:\\\/\\\/shop.payone.com\\\/CH-de\\\/\",\"logo\":{\"@type\":\"ImageObject\",\"inLanguage\":\"de-CH\",\"@id\":\"https:\\\/\\\/shop.payone.com\\\/CH-de\\\/#\\\/schema\\\/logo\\\/image\\\/\",\"url\":\"https:\\\/\\\/shop.payone.com\\\/wp-content\\\/uploads\\\/2018\\\/12\\\/cropped-Payone-Logo-2020.jpg\",\"contentUrl\":\"https:\\\/\\\/shop.payone.com\\\/wp-content\\\/uploads\\\/2018\\\/12\\\/cropped-Payone-Logo-2020.jpg\",\"width\":166,\"height\":42,\"caption\":\"PAYONE\"},\"image\":{\"@id\":\"https:\\\/\\\/shop.payone.com\\\/CH-de\\\/#\\\/schema\\\/logo\\\/image\\\/\"}}]}<\/script>\n<!-- \/ Yoast SEO plugin. -->","yoast_head_json":{"title":"Terminal CCV 680 (refurbished) &#8211; PAYONE","robots":{"index":"noindex","follow":"nofollow"},"og_locale":"de_DE","og_type":"article","og_title":"Terminal CCV 680 (refurbished) &#8211; PAYONE","og_description":"Mit dem Payone Testpaket k\u00f6nnen station\u00e4re H\u00e4ndler eine Zahll\u00f6sung unverbindliche testen: alle Kartentypen mit attraktiven Konditionen akzeptieren und \u00fcber ein leistungsstarkes Terminal abrechnen. 9,90\u20ac mtl. Terminalmiete, zzgl. 3\u20ac mtl. f\u00fcr SIM-Karte \u2013 nur bis 31.3.2020 die ersten 3 Monate unverbindlich testen.   kostenfreies Serviceportal \/ H\u00e4ndlerportal  Rechnungsabruf &amp; Transaktionsreporting  Konfiguration (s\u00e4mtliche Kabel, Akzeptanzaufkleber) inkludiert  Software-Updates (regulatorisch) inkludiert  T\u00e4gliche Auszahlung girocard  W\u00f6chentliche Auszahlung Kreditkarte\/Debitkarte  jederzeit modular erweiterbar","og_url":"https:\/\/shop.payone.com\/CH-de\/produkt\/terminal-ccv-680-refurbished\/","og_site_name":"PAYONE","article_modified_time":"2020-02-08T12:48:11+00:00","og_image":[{"width":400,"height":534,"url":"https:\/\/shop.payone.com\/wp-content\/uploads\/2020\/02\/VX680_GPRS.png","type":"image\/png"}],"twitter_card":"summary_large_image","twitter_misc":{"Gesch\u00e4tzte Lesezeit":"1\u00a0Minute"},"schema":{"@context":"https:\/\/schema.org","@graph":[{"@type":"WebPage","@id":"https:\/\/shop.payone.com\/CH-de\/produkt\/terminal-ccv-680-refurbished\/","url":"https:\/\/shop.payone.com\/CH-de\/produkt\/terminal-ccv-680-refurbished\/","name":"Terminal CCV 680 (refurbished) &#8211; PAYONE","isPartOf":{"@id":"https:\/\/shop.payone.com\/CH-de\/#website"},"primaryImageOfPage":{"@id":"https:\/\/shop.payone.com\/CH-de\/produkt\/terminal-ccv-680-refurbished\/#primaryimage"},"image":{"@id":"https:\/\/shop.payone.com\/CH-de\/produkt\/terminal-ccv-680-refurbished\/#primaryimage"},"thumbnailUrl":"https:\/\/shop.payone.com\/wp-content\/uploads\/2020\/02\/VX680_GPRS.png","datePublished":"2020-02-08T09:39:57+00:00","dateModified":"2020-02-08T12:48:11+00:00","breadcrumb":{"@id":"https:\/\/shop.payone.com\/CH-de\/produkt\/terminal-ccv-680-refurbished\/#breadcrumb"},"inLanguage":"de-CH","potentialAction":[{"@type":"ReadAction","target":["https:\/\/shop.payone.com\/CH-de\/produkt\/terminal-ccv-680-refurbished\/"]}]},{"@type":"ImageObject","inLanguage":"de-CH","@id":"https:\/\/shop.payone.com\/CH-de\/produkt\/terminal-ccv-680-refurbished\/#primaryimage","url":"https:\/\/shop.payone.com\/wp-content\/uploads\/2020\/02\/VX680_GPRS.png","contentUrl":"https:\/\/shop.payone.com\/wp-content\/uploads\/2020\/02\/VX680_GPRS.png","width":400,"height":534},{"@type":"BreadcrumbList","@id":"https:\/\/shop.payone.com\/CH-de\/produkt\/terminal-ccv-680-refurbished\/#breadcrumb","itemListElement":[{"@type":"ListItem","position":1,"name":"Home","item":"https:\/\/shop.payone.com\/CH-de\/zubehoer-shop\/"},{"@type":"ListItem","position":2,"name":"Terminal CCV 680 (refurbished)"}]},{"@type":"WebSite","@id":"https:\/\/shop.payone.com\/CH-de\/#website","url":"https:\/\/shop.payone.com\/CH-de\/","name":"PAYONE","description":"Die neue Nr. 1 im Payment","publisher":{"@id":"https:\/\/shop.payone.com\/CH-de\/#organization"},"potentialAction":[{"@type":"SearchAction","target":{"@type":"EntryPoint","urlTemplate":"https:\/\/shop.payone.com\/CH-de\/?s={search_term_string}"},"query-input":{"@type":"PropertyValueSpecification","valueRequired":true,"valueName":"search_term_string"}}],"inLanguage":"de-CH"},{"@type":"Organization","@id":"https:\/\/shop.payone.com\/CH-de\/#organization","name":"PAYONE","url":"https:\/\/shop.payone.com\/CH-de\/","logo":{"@type":"ImageObject","inLanguage":"de-CH","@id":"https:\/\/shop.payone.com\/CH-de\/#\/schema\/logo\/image\/","url":"https:\/\/shop.payone.com\/wp-content\/uploads\/2018\/12\/cropped-Payone-Logo-2020.jpg","contentUrl":"https:\/\/shop.payone.com\/wp-content\/uploads\/2018\/12\/cropped-Payone-Logo-2020.jpg","width":166,"height":42,"caption":"PAYONE"},"image":{"@id":"https:\/\/shop.payone.com\/CH-de\/#\/schema\/logo\/image\/"}}]}},"_links":{"self":[{"href":"https:\/\/shop.payone.com\/CH-de\/wp-json\/wp\/v2\/product\/6555","targetHints":{"allow":["GET"]}}],"collection":[{"href":"https:\/\/shop.payone.com\/CH-de\/wp-json\/wp\/v2\/product"}],"about":[{"href":"https:\/\/shop.payone.com\/CH-de\/wp-json\/wp\/v2\/types\/product"}],"version-history":[{"count":0,"href":"https:\/\/shop.payone.com\/CH-de\/wp-json\/wp\/v2\/product\/6555\/revisions"}],"wp:featuredmedia":[{"embeddable":true,"href":"https:\/\/shop.payone.com\/CH-de\/wp-json\/wp\/v2\/media\/6568"}],"wp:attachment":[{"href":"https:\/\/shop.payone.com\/CH-de\/wp-json\/wp\/v2\/media?parent=6555"}],"wp:term":[{"taxonomy":"product_brand","embeddable":true,"href":"https:\/\/shop.payone.com\/CH-de\/wp-json\/wp\/v2\/product_brand?post=6555"},{"taxonomy":"product_cat","embeddable":true,"href":"https:\/\/shop.payone.com\/CH-de\/wp-json\/wp\/v2\/product_cat?post=6555"},{"taxonomy":"product_tag","embeddable":true,"href":"https:\/\/shop.payone.com\/CH-de\/wp-json\/wp\/v2\/product_tag?post=6555"}],"curies":[{"name":"wp","href":"https:\/\/api.w.org\/{rel}","templated":true}]}}