{"id":9297,"date":"2020-01-12T18:11:32","date_gmt":"2020-01-12T17:11:32","guid":{"rendered":"https:\/\/interim.payone.com\/impressum\/"},"modified":"2020-11-27T15:30:28","modified_gmt":"2020-11-27T14:30:28","slug":"impressum","status":"publish","type":"page","link":"https:\/\/shop.payone.com\/CH-de\/impressum\/","title":{"rendered":"Impressum"},"content":{"rendered":"<h2>Impressum<\/h2>\n<p>Diese Website wird von der PAYONE GmbH mit Hauptsitz in Frankfurt am Main betrieben.<br \/>PAYONE ist ein Unternehmen der Ingenico Gruppe und der DSV-Gruppe (Deutscher Sparkassenverlag).<\/p>\n<p><b>Betreiber der Homepage<br \/><\/b>Anschrift:<br \/>PAYONE GmbH<br \/>Lyoner Stra\u00dfe 9<br \/>60528 Frankfurt am Main<\/p>\n<p><a href=\"mailto:info@payone.com\" target=\"_blank\" rel=\"noopener noreferrer\">info@payone.com<\/a><br \/>www.payone.com<\/p>\n<p>Inhaltlich verantwortlich gem\u00e4\u00df \u00a7 10 Absatz 3 MDStV<br \/>Abteilung Marketing &amp; Communications<br \/>Tel.: +49 (0)69 6630-50<\/p>\n<p><b>Rechtliche Angaben<br \/><\/b>Amtsgericht Frankfurt HRB: 116860<br \/>Umsatzsteuer-ID: DE185996311<br \/>Gesch\u00e4ftsf\u00fchrer: Niklaus Santschi, Frank Hartmann, Bj\u00f6rn Hoffmeyer, Roland Schaar<br \/>Aufsichtsratsvorsitzender: Ottmar Bloching<\/p>\n<p>Die PAYONE GmbH ist von der Bundesanstalt f\u00fcr Finanzdienstleistungsaufsicht, Graurheindorfer Stra\u00dfe 108 in 53117 Bonn, als Zahlungsinstitut zugelassen und beaufsichtigt.<\/p>\n<p>\u00a9 PAYONE GmbH, Frankfurt am Main. Alle Rechte vorbehalten.<\/p>\n<p>Hinweise zu Inhalten und Struktur der Website<\/p>\n<p><b>Aktualit\u00e4t<br \/><\/b>Die PAYONE GmbH pr\u00fcft und aktualisiert die Informationen auf diesen Webseiten st\u00e4ndig. Trotz aller Sorgfalt k\u00f6nnen sich die Daten inzwischen ver\u00e4ndert haben. Eine Haftung oder Garantie f\u00fcr die Aktualit\u00e4t, Richtigkeit und Vollst\u00e4ndigkeit der zur Verf\u00fcgung gestellten Informationen kann daher nicht \u00fcbernommen werden. Gleiches gilt auch f\u00fcr alle anderen Webseiten, auf die mittels Hyperlink verwiesen wird. Die PAYONE GmbH ist f\u00fcr den Inhalt der Webseiten, die aufgrund einer solchen Verbindung erreicht werden, nicht verantwortlich (N\u00e4heres k\u00f6nnen Sie unseren Datenschutz-Grunds\u00e4tzen im Abschnitt \u201eLinks zu anderen Anbietern\u201c entnehmen). Des Weiteren beh\u00e4lt sich die PAYONE GmbH das Recht vor, \u00e4nderungen oder Erg\u00e4nzungen der bereitgestellten Informationen vorzunehmen.<\/p>\n<p><b>Inhalt und Struktur<br \/><\/b>Inhalt und Struktur der Website der PAYONE GmbH sind urheberrechtlich gesch\u00fctzt. Die Vervielf\u00e4ltigung von Informationen oder Daten, insbesondere die Verwendung von Texten oder Textteilen, bedarf der vorherigen Zustimmung der PAYONE GmbH.<\/p>\n<p><strong>Anschrift PAYONE Switzerland AG:<\/strong><br \/>PAYONE Switzerland AG<br \/>Werkstrasse 1<br \/>9500 Wil<br \/>Switzerland<\/p>\n<p><strong>Kundenbeschwerden<\/strong><br \/>Sie k\u00f6nnen sich mit Ihrer Beschwerde \u00fcber verschiedene Wege an uns wenden:<\/p>\n<p><strong>Telefonisch:<\/strong><br \/>Rufen Sie uns an unter +41 71 912 55 00&nbsp;<br \/>\u00d6ffnungszeiten Montag \u2013 Freitag von 8:00 \u2013 17:00 Uhr<\/p>\n<p><strong>E-Mail:<\/strong><br \/>Schreiben Sie uns an&nbsp;<a href=\"mailto:marketing@innocard.ch\">marketing@innocard.ch<\/a><\/p>\n<p><strong>Schriftlich:<\/strong><br \/>Senden Sie Briefe bitte an&nbsp;<br \/>PAYONE Switzerland AG<br \/>Werkstrasse 1<br \/>9500 Wil<br \/>Switzerland<\/p><\/p>\n","protected":false},"excerpt":{"rendered":"<p>Impressum Diese Website wird von der PAYONE GmbH mit Hauptsitz in Frankfurt am Main betrieben.PAYONE ist ein Unternehmen der Ingenico Gruppe und der DSV-Gruppe (Deutscher Sparkassenverlag). Betreiber der HomepageAnschrift:PAYONE GmbHLyoner Stra\u00dfe 960528 Frankfurt am Main info@payone.comwww.payone.com Inhaltlich verantwortlich gem\u00e4\u00df \u00a7 10 Absatz 3 MDStVAbteilung Marketing &amp; CommunicationsTel.: +49 (0)69 6630-50 Rechtliche AngabenAmtsgericht Frankfurt HRB: 116860Umsatzsteuer-ID: &hellip; <\/p>\n<p class=\"link-more\"><a href=\"https:\/\/shop.payone.com\/CH-de\/impressum\/\" class=\"more-link\">Read More <span class=\"screen-reader-text\"> &#171;Impressum&#187;<\/span><\/a><\/p>\n","protected":false},"author":1,"featured_media":0,"parent":0,"menu_order":60,"comment_status":"closed","ping_status":"closed","template":"","meta":{"footnotes":""},"class_list":["post-9297","page","type-page","status-publish","hentry"],"yoast_head":"<!-- This site is optimized with the Yoast SEO plugin v27.3 - https:\/\/yoast.com\/product\/yoast-seo-wordpress\/ -->\n<title>Impressum &#8211; PAYONE<\/title>\n<meta name=\"robots\" content=\"noindex, follow, max-snippet:-1, max-image-preview:large, max-video-preview:-1\" \/>\n<meta property=\"og:locale\" content=\"de_DE\" \/>\n<meta property=\"og:type\" content=\"article\" \/>\n<meta property=\"og:title\" content=\"Impressum &#8211; PAYONE\" \/>\n<meta property=\"og:description\" content=\"Impressum Diese Website wird von der PAYONE GmbH mit Hauptsitz in Frankfurt am Main betrieben.PAYONE ist ein Unternehmen der Ingenico Gruppe und der DSV-Gruppe (Deutscher Sparkassenverlag). Betreiber der HomepageAnschrift:PAYONE GmbHLyoner Stra\u00dfe 960528 Frankfurt am Main info@payone.comwww.payone.com Inhaltlich verantwortlich gem\u00e4\u00df \u00a7 10 Absatz 3 MDStVAbteilung Marketing &amp; CommunicationsTel.: +49 (0)69 6630-50 Rechtliche AngabenAmtsgericht Frankfurt HRB: 116860Umsatzsteuer-ID: &hellip; Read More &quot;Impressum&quot;\" \/>\n<meta property=\"og:url\" content=\"https:\/\/shop.payone.com\/CH-de\/impressum\/\" \/>\n<meta property=\"og:site_name\" content=\"PAYONE\" \/>\n<meta property=\"article:modified_time\" content=\"2020-11-27T14:30:28+00:00\" \/>\n<meta name=\"twitter:card\" content=\"summary_large_image\" \/>\n<meta name=\"twitter:label1\" content=\"Gesch\u00e4tzte Lesezeit\" \/>\n\t<meta name=\"twitter:data1\" content=\"2\u00a0Minuten\" \/>\n<script type=\"application\/ld+json\" class=\"yoast-schema-graph\">{\"@context\":\"https:\\\/\\\/schema.org\",\"@graph\":[{\"@type\":\"WebPage\",\"@id\":\"https:\\\/\\\/shop.payone.com\\\/CH-de\\\/impressum\\\/\",\"url\":\"https:\\\/\\\/shop.payone.com\\\/CH-de\\\/impressum\\\/\",\"name\":\"Impressum &#8211; PAYONE\",\"isPartOf\":{\"@id\":\"https:\\\/\\\/shop.payone.com\\\/CH-de\\\/#website\"},\"datePublished\":\"2020-01-12T17:11:32+00:00\",\"dateModified\":\"2020-11-27T14:30:28+00:00\",\"breadcrumb\":{\"@id\":\"https:\\\/\\\/shop.payone.com\\\/CH-de\\\/impressum\\\/#breadcrumb\"},\"inLanguage\":\"de-CH\",\"potentialAction\":[{\"@type\":\"ReadAction\",\"target\":[\"https:\\\/\\\/shop.payone.com\\\/CH-de\\\/impressum\\\/\"]}]},{\"@type\":\"BreadcrumbList\",\"@id\":\"https:\\\/\\\/shop.payone.com\\\/CH-de\\\/impressum\\\/#breadcrumb\",\"itemListElement\":[{\"@type\":\"ListItem\",\"position\":1,\"name\":\"Home\",\"item\":\"https:\\\/\\\/shop.payone.com\\\/CH-de\\\/zubehoer-shop\\\/\"},{\"@type\":\"ListItem\",\"position\":2,\"name\":\"Impressum\"}]},{\"@type\":\"WebSite\",\"@id\":\"https:\\\/\\\/shop.payone.com\\\/CH-de\\\/#website\",\"url\":\"https:\\\/\\\/shop.payone.com\\\/CH-de\\\/\",\"name\":\"PAYONE\",\"description\":\"Die neue Nr. 1 im Payment\",\"publisher\":{\"@id\":\"https:\\\/\\\/shop.payone.com\\\/CH-de\\\/#organization\"},\"potentialAction\":[{\"@type\":\"SearchAction\",\"target\":{\"@type\":\"EntryPoint\",\"urlTemplate\":\"https:\\\/\\\/shop.payone.com\\\/CH-de\\\/?s={search_term_string}\"},\"query-input\":{\"@type\":\"PropertyValueSpecification\",\"valueRequired\":true,\"valueName\":\"search_term_string\"}}],\"inLanguage\":\"de-CH\"},{\"@type\":\"Organization\",\"@id\":\"https:\\\/\\\/shop.payone.com\\\/CH-de\\\/#organization\",\"name\":\"PAYONE\",\"url\":\"https:\\\/\\\/shop.payone.com\\\/CH-de\\\/\",\"logo\":{\"@type\":\"ImageObject\",\"inLanguage\":\"de-CH\",\"@id\":\"https:\\\/\\\/shop.payone.com\\\/CH-de\\\/#\\\/schema\\\/logo\\\/image\\\/\",\"url\":\"https:\\\/\\\/shop.payone.com\\\/wp-content\\\/uploads\\\/2018\\\/12\\\/cropped-Payone-Logo-2020.jpg\",\"contentUrl\":\"https:\\\/\\\/shop.payone.com\\\/wp-content\\\/uploads\\\/2018\\\/12\\\/cropped-Payone-Logo-2020.jpg\",\"width\":166,\"height\":42,\"caption\":\"PAYONE\"},\"image\":{\"@id\":\"https:\\\/\\\/shop.payone.com\\\/CH-de\\\/#\\\/schema\\\/logo\\\/image\\\/\"}}]}<\/script>\n<!-- \/ Yoast SEO plugin. -->","yoast_head_json":{"title":"Impressum &#8211; PAYONE","robots":{"index":"noindex","follow":"follow","max-snippet":"max-snippet:-1","max-image-preview":"max-image-preview:large","max-video-preview":"max-video-preview:-1"},"og_locale":"de_DE","og_type":"article","og_title":"Impressum &#8211; PAYONE","og_description":"Impressum Diese Website wird von der PAYONE GmbH mit Hauptsitz in Frankfurt am Main betrieben.PAYONE ist ein Unternehmen der Ingenico Gruppe und der DSV-Gruppe (Deutscher Sparkassenverlag). Betreiber der HomepageAnschrift:PAYONE GmbHLyoner Stra\u00dfe 960528 Frankfurt am Main info@payone.comwww.payone.com Inhaltlich verantwortlich gem\u00e4\u00df \u00a7 10 Absatz 3 MDStVAbteilung Marketing &amp; CommunicationsTel.: +49 (0)69 6630-50 Rechtliche AngabenAmtsgericht Frankfurt HRB: 116860Umsatzsteuer-ID: &hellip; Read More \"Impressum\"","og_url":"https:\/\/shop.payone.com\/CH-de\/impressum\/","og_site_name":"PAYONE","article_modified_time":"2020-11-27T14:30:28+00:00","twitter_card":"summary_large_image","twitter_misc":{"Gesch\u00e4tzte Lesezeit":"2\u00a0Minuten"},"schema":{"@context":"https:\/\/schema.org","@graph":[{"@type":"WebPage","@id":"https:\/\/shop.payone.com\/CH-de\/impressum\/","url":"https:\/\/shop.payone.com\/CH-de\/impressum\/","name":"Impressum &#8211; PAYONE","isPartOf":{"@id":"https:\/\/shop.payone.com\/CH-de\/#website"},"datePublished":"2020-01-12T17:11:32+00:00","dateModified":"2020-11-27T14:30:28+00:00","breadcrumb":{"@id":"https:\/\/shop.payone.com\/CH-de\/impressum\/#breadcrumb"},"inLanguage":"de-CH","potentialAction":[{"@type":"ReadAction","target":["https:\/\/shop.payone.com\/CH-de\/impressum\/"]}]},{"@type":"BreadcrumbList","@id":"https:\/\/shop.payone.com\/CH-de\/impressum\/#breadcrumb","itemListElement":[{"@type":"ListItem","position":1,"name":"Home","item":"https:\/\/shop.payone.com\/CH-de\/zubehoer-shop\/"},{"@type":"ListItem","position":2,"name":"Impressum"}]},{"@type":"WebSite","@id":"https:\/\/shop.payone.com\/CH-de\/#website","url":"https:\/\/shop.payone.com\/CH-de\/","name":"PAYONE","description":"Die neue Nr. 1 im Payment","publisher":{"@id":"https:\/\/shop.payone.com\/CH-de\/#organization"},"potentialAction":[{"@type":"SearchAction","target":{"@type":"EntryPoint","urlTemplate":"https:\/\/shop.payone.com\/CH-de\/?s={search_term_string}"},"query-input":{"@type":"PropertyValueSpecification","valueRequired":true,"valueName":"search_term_string"}}],"inLanguage":"de-CH"},{"@type":"Organization","@id":"https:\/\/shop.payone.com\/CH-de\/#organization","name":"PAYONE","url":"https:\/\/shop.payone.com\/CH-de\/","logo":{"@type":"ImageObject","inLanguage":"de-CH","@id":"https:\/\/shop.payone.com\/CH-de\/#\/schema\/logo\/image\/","url":"https:\/\/shop.payone.com\/wp-content\/uploads\/2018\/12\/cropped-Payone-Logo-2020.jpg","contentUrl":"https:\/\/shop.payone.com\/wp-content\/uploads\/2018\/12\/cropped-Payone-Logo-2020.jpg","width":166,"height":42,"caption":"PAYONE"},"image":{"@id":"https:\/\/shop.payone.com\/CH-de\/#\/schema\/logo\/image\/"}}]}},"_links":{"self":[{"href":"https:\/\/shop.payone.com\/CH-de\/wp-json\/wp\/v2\/pages\/9297","targetHints":{"allow":["GET"]}}],"collection":[{"href":"https:\/\/shop.payone.com\/CH-de\/wp-json\/wp\/v2\/pages"}],"about":[{"href":"https:\/\/shop.payone.com\/CH-de\/wp-json\/wp\/v2\/types\/page"}],"author":[{"embeddable":true,"href":"https:\/\/shop.payone.com\/CH-de\/wp-json\/wp\/v2\/users\/1"}],"replies":[{"embeddable":true,"href":"https:\/\/shop.payone.com\/CH-de\/wp-json\/wp\/v2\/comments?post=9297"}],"version-history":[{"count":4,"href":"https:\/\/shop.payone.com\/CH-de\/wp-json\/wp\/v2\/pages\/9297\/revisions"}],"predecessor-version":[{"id":36650,"href":"https:\/\/shop.payone.com\/CH-de\/wp-json\/wp\/v2\/pages\/9297\/revisions\/36650"}],"wp:attachment":[{"href":"https:\/\/shop.payone.com\/CH-de\/wp-json\/wp\/v2\/media?parent=9297"}],"curies":[{"name":"wp","href":"https:\/\/api.w.org\/{rel}","templated":true}]}}