{"id":9771,"date":"2020-01-12T18:11:32","date_gmt":"2020-01-12T17:11:32","guid":{"rendered":"https:\/\/interim.payone.com\/impressum\/"},"modified":"2024-03-19T16:41:48","modified_gmt":"2024-03-19T15:41:48","slug":"impressum","status":"publish","type":"page","link":"https:\/\/shop.payone.com\/AT-de\/impressum\/","title":{"rendered":"Impressum"},"content":{"rendered":"<h2>Impressum<\/h2>\n<p>Diese Website wird von der PAYONE GmbH mit Hauptsitz in Frankfurt am Main betrieben.<br \/>PAYONE ist ein Unternehmen der Ingenico Gruppe und der DSV-Gruppe (Deutscher Sparkassenverlag).<\/p>\n<p><b>Betreiber der Homepage<\/b><br \/>Anschrift:<br \/>PAYONE GmbH<br \/>Lyoner Stra\u00dfe 15<br \/>60528 Frankfurt am Main<\/p>\n<p><a href=\"mailto:info@payone.com\">info@payone.com<\/a><br \/><a href=\"https:\/\/www.payone.com\" target=\"_blank\" rel=\"noopener\">www.payone.com<\/a><\/p>\n<p>Inhaltlich verantwortlich gem\u00e4\u00df \u00a7 10 Absatz 3 MDStV<br \/>Abteilung Marketing &amp; Communications<br \/>Tel.: +49 (0)69 6630-50<\/p>\n<p><strong>Rechtliche Angaben<\/strong><br \/>Amtsgericht Frankfurt HRB: 116860<br \/>Umsatzsteuer-ID: DE185996311<br \/>Gesch\u00e4ftsf\u00fchrer: Ottmar Bloching, Dr. Matthias B\u00f6cker, Frank Hartmann, Roland Schaar<br \/>Aufsichtsratsvorsitzender: Sven Korschinowski<\/p>\n<p>Die PAYONE GmbH ist von der Bundesanstalt f\u00fcr Finanzdienstleistungsaufsicht, Graurheindorfer Stra\u00dfe 108 in 53117 Bonn, als E-Geld-Institut zugelassen und beaufsichtigt.<\/p>\n<p>\u00a9 PAYONE GmbH, Frankfurt am Main. Alle Rechte vorbehalten.<\/p>\n<p><strong>Hinweise zu Inhalten und Struktur der Website<\/strong><\/p>\n<p><strong>Aktualit\u00e4t<\/strong><br \/>Die PAYONE GmbH pr\u00fcft und aktualisiert die Informationen auf dieser Webseite st\u00e4ndig. Trotz aller Sorgfalt k\u00f6nnen sich die Daten inzwischen ver\u00e4ndert haben. Eine Haftung oder Garantie f\u00fcr die Aktualit\u00e4t, Richtigkeit und Vollst\u00e4ndigkeit der zur Verf\u00fcgung gestellten Informationen kann daher nicht \u00fcbernommen werden. Gleiches gilt auch f\u00fcr alle anderen Webseiten, auf die mittels Hyperlink verwiesen wird. Die PAYONE GmbH ist f\u00fcr den Inhalt der Webseiten, die aufgrund einer solchen Verbindung erreicht werden, nicht verantwortlich (N\u00e4heres k\u00f6nnen Sie unseren Datenschutz-Grunds\u00e4tzen im Abschnitt \u201eLinks zu anderen Anbietern\u201c entnehmen). Des Weiteren beh\u00e4lt sich die PAYONE GmbH das Recht vor, \u00c4nderungen oder Erg\u00e4nzungen der bereitgestellten Informationen vorzunehmen.<\/p>\n<p><strong>Inhalt und Struktur<br \/><\/strong>Inhalt und Struktur der Website der PAYONE GmbH sind urheberrechtlich gesch\u00fctzt. Die Vervielf\u00e4ltigung von Informationen oder Daten, insbesondere die Verwendung von Texten oder Textteilen, bedarf der vorherigen Zustimmung der PAYONE GmbH.<\/p>\n<p><strong>Kundenbeschwerden<\/strong><br \/>Sie k\u00f6nnen sich mit Ihrer Beschwerde \u00fcber verschiedene Wege an uns wenden:<\/p>\n<p><strong>Telefonisch:<\/strong><br \/>Rufen Sie uns an unter +49 (0)69 6630-5333<br \/>Servicezeiten Montag &#8211; Freitag von 9:00 &#8211; 16:00 Uhr<\/p>\n<p><strong>E-Mail:<\/strong><br \/>Schreiben Sie uns an <a title=\"Email\" href=\"mailto:feedback@bspayone.com\" target=\"_blank\" rel=\"noopener\">feedback@payone.com<\/a><\/p>\n<p><strong>Schriftlich:<\/strong><br \/>Senden Sie Briefe bitte an PAYONE GmbH<br \/>Beschwerdemanagement<br \/>Lyoner Stra\u00dfe 15<br \/>60528 Frankfurt am Main<\/p>\n","protected":false},"excerpt":{"rendered":"<p>Impressum Diese Website wird von der PAYONE GmbH mit Hauptsitz in Frankfurt am Main betrieben.PAYONE ist ein Unternehmen der Ingenico Gruppe und der DSV-Gruppe (Deutscher Sparkassenverlag). Betreiber der HomepageAnschrift:PAYONE GmbHLyoner Stra\u00dfe 1560528 Frankfurt am Main info@payone.comwww.payone.com Inhaltlich verantwortlich gem\u00e4\u00df \u00a7 10 Absatz 3 MDStVAbteilung Marketing &amp; CommunicationsTel.: +49 (0)69 6630-50 Rechtliche AngabenAmtsgericht Frankfurt HRB: 116860Umsatzsteuer-ID: &hellip; <\/p>\n<p class=\"link-more\"><a href=\"https:\/\/shop.payone.com\/AT-de\/impressum\/\" class=\"more-link\">Read More <span class=\"screen-reader-text\"> &#8222;Impressum&#8220;<\/span><\/a><\/p>\n","protected":false},"author":1,"featured_media":0,"parent":0,"menu_order":60,"comment_status":"closed","ping_status":"closed","template":"","meta":{"footnotes":""},"class_list":["post-9771","page","type-page","status-publish","hentry"],"yoast_head":"<!-- This site is optimized with the Yoast SEO plugin v27.5 - https:\/\/yoast.com\/product\/yoast-seo-wordpress\/ -->\n<title>Impressum &#8211; PAYONE<\/title>\n<meta name=\"robots\" content=\"noindex, follow, max-snippet:-1, max-image-preview:large, max-video-preview:-1\" \/>\n<meta property=\"og:locale\" content=\"de_DE\" \/>\n<meta property=\"og:type\" content=\"article\" \/>\n<meta property=\"og:title\" content=\"Impressum &#8211; PAYONE\" \/>\n<meta property=\"og:description\" content=\"Impressum Diese Website wird von der PAYONE GmbH mit Hauptsitz in Frankfurt am Main betrieben.PAYONE ist ein Unternehmen der Ingenico Gruppe und der DSV-Gruppe (Deutscher Sparkassenverlag). Betreiber der HomepageAnschrift:PAYONE GmbHLyoner Stra\u00dfe 1560528 Frankfurt am Main info@payone.comwww.payone.com Inhaltlich verantwortlich gem\u00e4\u00df \u00a7 10 Absatz 3 MDStVAbteilung Marketing &amp; CommunicationsTel.: +49 (0)69 6630-50 Rechtliche AngabenAmtsgericht Frankfurt HRB: 116860Umsatzsteuer-ID: &hellip; Read More &quot;Impressum&quot;\" \/>\n<meta property=\"og:url\" content=\"https:\/\/shop.payone.com\/AT-de\/impressum\/\" \/>\n<meta property=\"og:site_name\" content=\"PAYONE\" \/>\n<meta property=\"article:modified_time\" content=\"2024-03-19T15:41:48+00:00\" \/>\n<meta name=\"twitter:card\" content=\"summary_large_image\" \/>\n<meta name=\"twitter:label1\" content=\"Gesch\u00e4tzte Lesezeit\" \/>\n\t<meta name=\"twitter:data1\" content=\"2 Minuten\" \/>\n<script type=\"application\/ld+json\" class=\"yoast-schema-graph\">{\"@context\":\"https:\\\/\\\/schema.org\",\"@graph\":[{\"@type\":\"WebPage\",\"@id\":\"https:\\\/\\\/shop.payone.com\\\/AT-de\\\/impressum\\\/\",\"url\":\"https:\\\/\\\/shop.payone.com\\\/AT-de\\\/impressum\\\/\",\"name\":\"Impressum &#8211; PAYONE\",\"isPartOf\":{\"@id\":\"https:\\\/\\\/shop.payone.com\\\/AT-de\\\/#website\"},\"datePublished\":\"2020-01-12T17:11:32+00:00\",\"dateModified\":\"2024-03-19T15:41:48+00:00\",\"breadcrumb\":{\"@id\":\"https:\\\/\\\/shop.payone.com\\\/AT-de\\\/impressum\\\/#breadcrumb\"},\"inLanguage\":\"de-AT\",\"potentialAction\":[{\"@type\":\"ReadAction\",\"target\":[\"https:\\\/\\\/shop.payone.com\\\/AT-de\\\/impressum\\\/\"]}]},{\"@type\":\"BreadcrumbList\",\"@id\":\"https:\\\/\\\/shop.payone.com\\\/AT-de\\\/impressum\\\/#breadcrumb\",\"itemListElement\":[{\"@type\":\"ListItem\",\"position\":1,\"name\":\"Home\",\"item\":\"https:\\\/\\\/shop.payone.com\\\/AT-de\\\/\"},{\"@type\":\"ListItem\",\"position\":2,\"name\":\"Impressum\"}]},{\"@type\":\"WebSite\",\"@id\":\"https:\\\/\\\/shop.payone.com\\\/AT-de\\\/#website\",\"url\":\"https:\\\/\\\/shop.payone.com\\\/AT-de\\\/\",\"name\":\"PAYONE\",\"description\":\"Die neue Nr. 1 im Payment\",\"publisher\":{\"@id\":\"https:\\\/\\\/shop.payone.com\\\/AT-de\\\/#organization\"},\"potentialAction\":[{\"@type\":\"SearchAction\",\"target\":{\"@type\":\"EntryPoint\",\"urlTemplate\":\"https:\\\/\\\/shop.payone.com\\\/AT-de\\\/?s={search_term_string}\"},\"query-input\":{\"@type\":\"PropertyValueSpecification\",\"valueRequired\":true,\"valueName\":\"search_term_string\"}}],\"inLanguage\":\"de-AT\"},{\"@type\":\"Organization\",\"@id\":\"https:\\\/\\\/shop.payone.com\\\/AT-de\\\/#organization\",\"name\":\"PAYONE\",\"url\":\"https:\\\/\\\/shop.payone.com\\\/AT-de\\\/\",\"logo\":{\"@type\":\"ImageObject\",\"inLanguage\":\"de-AT\",\"@id\":\"https:\\\/\\\/shop.payone.com\\\/AT-de\\\/#\\\/schema\\\/logo\\\/image\\\/\",\"url\":\"https:\\\/\\\/shop.payone.com\\\/wp-content\\\/uploads\\\/2018\\\/12\\\/cropped-Payone-Logo-2020.jpg\",\"contentUrl\":\"https:\\\/\\\/shop.payone.com\\\/wp-content\\\/uploads\\\/2018\\\/12\\\/cropped-Payone-Logo-2020.jpg\",\"width\":166,\"height\":42,\"caption\":\"PAYONE\"},\"image\":{\"@id\":\"https:\\\/\\\/shop.payone.com\\\/AT-de\\\/#\\\/schema\\\/logo\\\/image\\\/\"}}]}<\/script>\n<!-- \/ Yoast SEO plugin. -->","yoast_head_json":{"title":"Impressum &#8211; PAYONE","robots":{"index":"noindex","follow":"follow","max-snippet":"max-snippet:-1","max-image-preview":"max-image-preview:large","max-video-preview":"max-video-preview:-1"},"og_locale":"de_DE","og_type":"article","og_title":"Impressum &#8211; PAYONE","og_description":"Impressum Diese Website wird von der PAYONE GmbH mit Hauptsitz in Frankfurt am Main betrieben.PAYONE ist ein Unternehmen der Ingenico Gruppe und der DSV-Gruppe (Deutscher Sparkassenverlag). Betreiber der HomepageAnschrift:PAYONE GmbHLyoner Stra\u00dfe 1560528 Frankfurt am Main info@payone.comwww.payone.com Inhaltlich verantwortlich gem\u00e4\u00df \u00a7 10 Absatz 3 MDStVAbteilung Marketing &amp; CommunicationsTel.: +49 (0)69 6630-50 Rechtliche AngabenAmtsgericht Frankfurt HRB: 116860Umsatzsteuer-ID: &hellip; Read More \"Impressum\"","og_url":"https:\/\/shop.payone.com\/AT-de\/impressum\/","og_site_name":"PAYONE","article_modified_time":"2024-03-19T15:41:48+00:00","twitter_card":"summary_large_image","twitter_misc":{"Gesch\u00e4tzte Lesezeit":"2 Minuten"},"schema":{"@context":"https:\/\/schema.org","@graph":[{"@type":"WebPage","@id":"https:\/\/shop.payone.com\/AT-de\/impressum\/","url":"https:\/\/shop.payone.com\/AT-de\/impressum\/","name":"Impressum &#8211; PAYONE","isPartOf":{"@id":"https:\/\/shop.payone.com\/AT-de\/#website"},"datePublished":"2020-01-12T17:11:32+00:00","dateModified":"2024-03-19T15:41:48+00:00","breadcrumb":{"@id":"https:\/\/shop.payone.com\/AT-de\/impressum\/#breadcrumb"},"inLanguage":"de-AT","potentialAction":[{"@type":"ReadAction","target":["https:\/\/shop.payone.com\/AT-de\/impressum\/"]}]},{"@type":"BreadcrumbList","@id":"https:\/\/shop.payone.com\/AT-de\/impressum\/#breadcrumb","itemListElement":[{"@type":"ListItem","position":1,"name":"Home","item":"https:\/\/shop.payone.com\/AT-de\/"},{"@type":"ListItem","position":2,"name":"Impressum"}]},{"@type":"WebSite","@id":"https:\/\/shop.payone.com\/AT-de\/#website","url":"https:\/\/shop.payone.com\/AT-de\/","name":"PAYONE","description":"Die neue Nr. 1 im Payment","publisher":{"@id":"https:\/\/shop.payone.com\/AT-de\/#organization"},"potentialAction":[{"@type":"SearchAction","target":{"@type":"EntryPoint","urlTemplate":"https:\/\/shop.payone.com\/AT-de\/?s={search_term_string}"},"query-input":{"@type":"PropertyValueSpecification","valueRequired":true,"valueName":"search_term_string"}}],"inLanguage":"de-AT"},{"@type":"Organization","@id":"https:\/\/shop.payone.com\/AT-de\/#organization","name":"PAYONE","url":"https:\/\/shop.payone.com\/AT-de\/","logo":{"@type":"ImageObject","inLanguage":"de-AT","@id":"https:\/\/shop.payone.com\/AT-de\/#\/schema\/logo\/image\/","url":"https:\/\/shop.payone.com\/wp-content\/uploads\/2018\/12\/cropped-Payone-Logo-2020.jpg","contentUrl":"https:\/\/shop.payone.com\/wp-content\/uploads\/2018\/12\/cropped-Payone-Logo-2020.jpg","width":166,"height":42,"caption":"PAYONE"},"image":{"@id":"https:\/\/shop.payone.com\/AT-de\/#\/schema\/logo\/image\/"}}]}},"_links":{"self":[{"href":"https:\/\/shop.payone.com\/AT-de\/wp-json\/wp\/v2\/pages\/9771","targetHints":{"allow":["GET"]}}],"collection":[{"href":"https:\/\/shop.payone.com\/AT-de\/wp-json\/wp\/v2\/pages"}],"about":[{"href":"https:\/\/shop.payone.com\/AT-de\/wp-json\/wp\/v2\/types\/page"}],"author":[{"embeddable":true,"href":"https:\/\/shop.payone.com\/AT-de\/wp-json\/wp\/v2\/users\/1"}],"replies":[{"embeddable":true,"href":"https:\/\/shop.payone.com\/AT-de\/wp-json\/wp\/v2\/comments?post=9771"}],"version-history":[{"count":17,"href":"https:\/\/shop.payone.com\/AT-de\/wp-json\/wp\/v2\/pages\/9771\/revisions"}],"predecessor-version":[{"id":77743,"href":"https:\/\/shop.payone.com\/AT-de\/wp-json\/wp\/v2\/pages\/9771\/revisions\/77743"}],"wp:attachment":[{"href":"https:\/\/shop.payone.com\/AT-de\/wp-json\/wp\/v2\/media?parent=9771"}],"curies":[{"name":"wp","href":"https:\/\/api.w.org\/{rel}","templated":true}]}}